{"id":2722,"date":"2012-02-06T23:47:45","date_gmt":"2012-02-06T23:47:45","guid":{"rendered":"http:\/\/www.mywatch.dk\/vare\/solgt-hamilton-pvd-x-wind\/"},"modified":"2019-03-29T07:50:13","modified_gmt":"2019-03-29T07:50:13","slug":"solgt-hamilton-pvd-x-wind","status":"publish","type":"product","link":"https:\/\/www.mywatch.dk\/en\/product\/solgt-hamilton-pvd-x-wind\/","title":{"rendered":"Solgt &#8211; Hamilton PVD X-wind."},"content":{"rendered":"<p>Urkassen er opbygget i kraftig st\u00e5lkasse som er PVD belagt, chronographknapper, samt skruekrone og stillekrone for indvendig drejebezel, Tachymetre krans, sort urskive med blanke \/ luminor visere og timemarkeringer, day-date visning &#8211; et multitool pilot watch, bagkasse med safirglas som giver mulighed for at nyde urv\u00e6rket. uret er monteret med st\u00e5ll\u00e6nke ligeledes i sort PVD, afsluttet med foldesp\u00e6nde.<\/p>\n<p>Yderligere medf\u00f8lger 1 sort l\u00e6derrem afsluttet med sp\u00e6nde.<\/p>\n<p>Uret m\u00e5ler 44 mm i diameter u\/skruekrone og er 16 mm h\u00f8jt, uret er vandt\u00e6t til 100 mtr. eller 330. <\/p>\n<p>Uret leveres med boks, papirer og certifikat. <\/p>\n<p>Other watches can be included, also expensive watches. <\/p>\n<p>Flere billeder kan fremsendes <\/p>\n<p>Financing offered, up to 12 months, interest-free.<br \/>&#8220;<\/p>","protected":false},"excerpt":{"rendered":"<p>Hamilton X-Wind PVD chronograph automatic, limiteret i 2000  stk. Et ultimativt r\u00e5t multifunktions ur. Et sp\u00e6ndende ur opbygget specielt til piloter med computer til udregning af navigation samt skema for sidevinds komponent, Hamilton er i familie med Omega og 100 % ejet af samme gruppe.<\/p>","protected":false},"featured_media":2719,"template":"","meta":{"_mi_skip_tracking":false},"product_cat":[322],"product_tag":[],"yoast_head":"<!-- This site is optimized with the Yoast SEO plugin v19.12 - https:\/\/yoast.com\/wordpress\/plugins\/seo\/ -->\n<title>Solgt - Hamilton PVD X-wind. - MyWatch.dk - Brugte kvalitets ure<\/title>\n<meta name=\"robots\" content=\"index, follow, max-snippet:-1, max-image-preview:large, max-video-preview:-1\" \/>\n<link rel=\"canonical\" href=\"https:\/\/www.mywatch.dk\/en\/product\/solgt-hamilton-pvd-x-wind\/\" \/>\n<meta property=\"og:locale\" content=\"en_GB\" \/>\n<meta property=\"og:type\" content=\"article\" \/>\n<meta property=\"og:title\" content=\"Solgt - Hamilton PVD X-wind. - MyWatch.dk - Brugte kvalitets ure\" \/>\n<meta property=\"og:description\" content=\"Hamilton X-Wind PVD chronograph automatic, limiteret i 2000 stk. Et ultimativt r\u00e5t multifunktions ur. Et sp\u00e6ndende ur opbygget specielt til piloter med computer til udregning af navigation samt skema for sidevinds komponent, Hamilton er i familie med Omega og 100 % ejet af samme gruppe.\" \/>\n<meta property=\"og:url\" content=\"https:\/\/www.mywatch.dk\/en\/product\/solgt-hamilton-pvd-x-wind\/\" \/>\n<meta property=\"og:site_name\" content=\"MyWatch.dk - Brugte kvalitets ure\" \/>\n<meta property=\"article:publisher\" content=\"https:\/\/www.facebook.com\/mywatch.dk\/\" \/>\n<meta property=\"article:modified_time\" content=\"2019-03-29T07:50:13+00:00\" \/>\n<meta property=\"og:image\" content=\"https:\/\/www.mywatch.dk\/wp-content\/uploads\/2012\/02\/535_4.jpg\" \/>\n\t<meta property=\"og:image:width\" content=\"678\" \/>\n\t<meta property=\"og:image:height\" content=\"998\" \/>\n\t<meta property=\"og:image:type\" content=\"image\/jpeg\" \/>\n<meta name=\"twitter:card\" content=\"summary_large_image\" \/>\n<meta name=\"twitter:label1\" content=\"Estimated reading time\" \/>\n\t<meta name=\"twitter:data1\" content=\"1 minute\" \/>\n<script type=\"application\/ld+json\" class=\"yoast-schema-graph\">{\"@context\":\"https:\/\/schema.org\",\"@graph\":[{\"@type\":\"WebPage\",\"@id\":\"https:\/\/www.mywatch.dk\/vare\/solgt-hamilton-pvd-x-wind\/\",\"url\":\"https:\/\/www.mywatch.dk\/vare\/solgt-hamilton-pvd-x-wind\/\",\"name\":\"Solgt - Hamilton PVD X-wind. - MyWatch.dk - Brugte kvalitets ure\",\"isPartOf\":{\"@id\":\"https:\/\/www.mywatch.dk\/en\/#website\"},\"datePublished\":\"2012-02-06T23:47:45+00:00\",\"dateModified\":\"2019-03-29T07:50:13+00:00\",\"breadcrumb\":{\"@id\":\"https:\/\/www.mywatch.dk\/vare\/solgt-hamilton-pvd-x-wind\/#breadcrumb\"},\"inLanguage\":\"en-GB\",\"potentialAction\":[{\"@type\":\"ReadAction\",\"target\":[\"https:\/\/www.mywatch.dk\/vare\/solgt-hamilton-pvd-x-wind\/\"]}]},{\"@type\":\"BreadcrumbList\",\"@id\":\"https:\/\/www.mywatch.dk\/vare\/solgt-hamilton-pvd-x-wind\/#breadcrumb\",\"itemListElement\":[{\"@type\":\"ListItem\",\"position\":1,\"name\":\"Hjem\",\"item\":\"https:\/\/www.mywatch.dk\/en\/\"},{\"@type\":\"ListItem\",\"position\":2,\"name\":\"Shop\",\"item\":\"https:\/\/www.mywatch.dk\/en\/shop\/\"},{\"@type\":\"ListItem\",\"position\":3,\"name\":\"Solgt &#8211; Hamilton PVD X-wind.\"}]},{\"@type\":\"WebSite\",\"@id\":\"https:\/\/www.mywatch.dk\/en\/#website\",\"url\":\"https:\/\/www.mywatch.dk\/en\/\",\"name\":\"MyWatch.dk - Brugte kvalitets ure\",\"description\":\"kvalitetes ure\",\"publisher\":{\"@id\":\"https:\/\/www.mywatch.dk\/en\/#organization\"},\"potentialAction\":[{\"@type\":\"SearchAction\",\"target\":{\"@type\":\"EntryPoint\",\"urlTemplate\":\"https:\/\/www.mywatch.dk\/en\/?s={search_term_string}\"},\"query-input\":\"required name=search_term_string\"}],\"inLanguage\":\"en-GB\"},{\"@type\":\"Organization\",\"@id\":\"https:\/\/www.mywatch.dk\/en\/#organization\",\"name\":\"MyWatch\",\"url\":\"https:\/\/www.mywatch.dk\/en\/\",\"logo\":{\"@type\":\"ImageObject\",\"inLanguage\":\"en-GB\",\"@id\":\"https:\/\/www.mywatch.dk\/en\/#\/schema\/logo\/image\/\",\"url\":\"https:\/\/www.mywatch.dk\/wp-content\/uploads\/2018\/07\/logog-3.jpg\",\"contentUrl\":\"https:\/\/www.mywatch.dk\/wp-content\/uploads\/2018\/07\/logog-3.jpg\",\"width\":250,\"height\":150,\"caption\":\"MyWatch\"},\"image\":{\"@id\":\"https:\/\/www.mywatch.dk\/en\/#\/schema\/logo\/image\/\"},\"sameAs\":[\"https:\/\/www.facebook.com\/mywatch.dk\/\"]}]}<\/script>\n<!-- \/ Yoast SEO plugin. -->","yoast_head_json":{"title":"Solgt - Hamilton PVD X-wind. - MyWatch.dk - Brugte kvalitets ure","robots":{"index":"index","follow":"follow","max-snippet":"max-snippet:-1","max-image-preview":"max-image-preview:large","max-video-preview":"max-video-preview:-1"},"canonical":"https:\/\/www.mywatch.dk\/en\/product\/solgt-hamilton-pvd-x-wind\/","og_locale":"en_GB","og_type":"article","og_title":"Solgt - Hamilton PVD X-wind. - MyWatch.dk - Brugte kvalitets ure","og_description":"Hamilton X-Wind PVD chronograph automatic, limiteret i 2000 stk. Et ultimativt r\u00e5t multifunktions ur. Et sp\u00e6ndende ur opbygget specielt til piloter med computer til udregning af navigation samt skema for sidevinds komponent, Hamilton er i familie med Omega og 100 % ejet af samme gruppe.","og_url":"https:\/\/www.mywatch.dk\/en\/product\/solgt-hamilton-pvd-x-wind\/","og_site_name":"MyWatch.dk - Brugte kvalitets ure","article_publisher":"https:\/\/www.facebook.com\/mywatch.dk\/","article_modified_time":"2019-03-29T07:50:13+00:00","og_image":[{"width":678,"height":998,"url":"https:\/\/www.mywatch.dk\/wp-content\/uploads\/2012\/02\/535_4.jpg","type":"image\/jpeg"}],"twitter_card":"summary_large_image","twitter_misc":{"Estimated reading time":"1 minute"},"schema":{"@context":"https:\/\/schema.org","@graph":[{"@type":"WebPage","@id":"https:\/\/www.mywatch.dk\/vare\/solgt-hamilton-pvd-x-wind\/","url":"https:\/\/www.mywatch.dk\/vare\/solgt-hamilton-pvd-x-wind\/","name":"Solgt - Hamilton PVD X-wind. - MyWatch.dk - Brugte kvalitets ure","isPartOf":{"@id":"https:\/\/www.mywatch.dk\/en\/#website"},"datePublished":"2012-02-06T23:47:45+00:00","dateModified":"2019-03-29T07:50:13+00:00","breadcrumb":{"@id":"https:\/\/www.mywatch.dk\/vare\/solgt-hamilton-pvd-x-wind\/#breadcrumb"},"inLanguage":"en-GB","potentialAction":[{"@type":"ReadAction","target":["https:\/\/www.mywatch.dk\/vare\/solgt-hamilton-pvd-x-wind\/"]}]},{"@type":"BreadcrumbList","@id":"https:\/\/www.mywatch.dk\/vare\/solgt-hamilton-pvd-x-wind\/#breadcrumb","itemListElement":[{"@type":"ListItem","position":1,"name":"Hjem","item":"https:\/\/www.mywatch.dk\/en\/"},{"@type":"ListItem","position":2,"name":"Shop","item":"https:\/\/www.mywatch.dk\/en\/shop\/"},{"@type":"ListItem","position":3,"name":"Solgt &#8211; Hamilton PVD X-wind."}]},{"@type":"WebSite","@id":"https:\/\/www.mywatch.dk\/en\/#website","url":"https:\/\/www.mywatch.dk\/en\/","name":"MyWatch.dk - Brugte kvalitets ure","description":"kvalitetes ure","publisher":{"@id":"https:\/\/www.mywatch.dk\/en\/#organization"},"potentialAction":[{"@type":"SearchAction","target":{"@type":"EntryPoint","urlTemplate":"https:\/\/www.mywatch.dk\/en\/?s={search_term_string}"},"query-input":"required name=search_term_string"}],"inLanguage":"en-GB"},{"@type":"Organization","@id":"https:\/\/www.mywatch.dk\/en\/#organization","name":"MyWatch","url":"https:\/\/www.mywatch.dk\/en\/","logo":{"@type":"ImageObject","inLanguage":"en-GB","@id":"https:\/\/www.mywatch.dk\/en\/#\/schema\/logo\/image\/","url":"https:\/\/www.mywatch.dk\/wp-content\/uploads\/2018\/07\/logog-3.jpg","contentUrl":"https:\/\/www.mywatch.dk\/wp-content\/uploads\/2018\/07\/logog-3.jpg","width":250,"height":150,"caption":"MyWatch"},"image":{"@id":"https:\/\/www.mywatch.dk\/en\/#\/schema\/logo\/image\/"},"sameAs":["https:\/\/www.facebook.com\/mywatch.dk\/"]}]}},"_links":{"self":[{"href":"https:\/\/www.mywatch.dk\/en\/wp-json\/wp\/v2\/product\/2722"}],"collection":[{"href":"https:\/\/www.mywatch.dk\/en\/wp-json\/wp\/v2\/product"}],"about":[{"href":"https:\/\/www.mywatch.dk\/en\/wp-json\/wp\/v2\/types\/product"}],"wp:featuredmedia":[{"embeddable":true,"href":"https:\/\/www.mywatch.dk\/en\/wp-json\/wp\/v2\/media\/2719"}],"wp:attachment":[{"href":"https:\/\/www.mywatch.dk\/en\/wp-json\/wp\/v2\/media?parent=2722"}],"wp:term":[{"taxonomy":"product_cat","embeddable":true,"href":"https:\/\/www.mywatch.dk\/en\/wp-json\/wp\/v2\/product_cat?post=2722"},{"taxonomy":"product_tag","embeddable":true,"href":"https:\/\/www.mywatch.dk\/en\/wp-json\/wp\/v2\/product_tag?post=2722"}],"curies":[{"name":"wp","href":"https:\/\/api.w.org\/{rel}","templated":true}]}}