{"id":4996,"date":"2012-04-24T08:18:16","date_gmt":"2012-04-24T08:18:16","guid":{"rendered":"http:\/\/www.mywatch.dk\/vare\/1543-daniel-jean-richard-chronoscope-2006\/"},"modified":"2019-03-29T07:48:00","modified_gmt":"2019-03-29T07:48:00","slug":"1543-daniel-jean-richard-chronoscope-2006","status":"publish","type":"product","link":"https:\/\/www.mywatch.dk\/en\/product\/1543-daniel-jean-richard-chronoscope-2006\/","title":{"rendered":"Solgt &#8211; Daniel Jean Richard Chronoscope &#8211; 2006"},"content":{"rendered":"<p>Urkassen er opbygget i satineret st\u00e5l, fast bagkasse, safirglas, skruekrone b\u00e5de ved indstilling af ur, samt til indvendig drejebezel samt chronograph knapper, sort urskive, hvide \/ luminor visere og timemarkeringer ogs\u00e5 i subdials, meget let l\u00e6seligt, uret er monteret med stort set ny l\u00e6kker sort l\u00e6derrem afsluttet med sp\u00e6nde.   Uret m\u00e5ler 44 mm u\/skruekroner, og er 14 mm h\u00f8jt.   Original boks og papirer medf\u00f8lger uret.   Andet ur kan indg\u00e5 i handlen, ogs\u00e5 gerne dyrere ure.   Flere billeder kan fremsendes   Financiering tilbydes, op til 12 mdr. rentefri.<\/p>","protected":false},"excerpt":{"rendered":"<p>Daniel jeanRicard Chronoscope, ref. 25020, et elegant og klassisk ur, DJR er ejet af et af de store ur ikoner Girard Perregaux, uret fremst\u00e5r i absolut god og velholdt stand og med fuld garanti.<\/p>","protected":false},"featured_media":4992,"template":"","meta":{"_mi_skip_tracking":false},"product_cat":[322],"product_tag":[],"yoast_head":"<!-- This site is optimized with the Yoast SEO plugin v19.12 - https:\/\/yoast.com\/wordpress\/plugins\/seo\/ -->\n<title>Solgt - Daniel Jean Richard Chronoscope - 2006 - MyWatch.dk - Brugte kvalitets ure<\/title>\n<meta name=\"robots\" content=\"index, follow, max-snippet:-1, max-image-preview:large, max-video-preview:-1\" \/>\n<link rel=\"canonical\" href=\"https:\/\/www.mywatch.dk\/en\/product\/1543-daniel-jean-richard-chronoscope-2006\/\" \/>\n<meta property=\"og:locale\" content=\"en_GB\" \/>\n<meta property=\"og:type\" content=\"article\" \/>\n<meta property=\"og:title\" content=\"Solgt - Daniel Jean Richard Chronoscope - 2006 - MyWatch.dk - Brugte kvalitets ure\" \/>\n<meta property=\"og:description\" content=\"Daniel jeanRicard Chronoscope, ref. 25020, et elegant og klassisk ur, DJR er ejet af et af de store ur ikoner Girard Perregaux, uret fremst\u00e5r i absolut god og velholdt stand og med fuld garanti.\" \/>\n<meta property=\"og:url\" content=\"https:\/\/www.mywatch.dk\/en\/product\/1543-daniel-jean-richard-chronoscope-2006\/\" \/>\n<meta property=\"og:site_name\" content=\"MyWatch.dk - Brugte kvalitets ure\" \/>\n<meta property=\"article:publisher\" content=\"https:\/\/www.facebook.com\/mywatch.dk\/\" \/>\n<meta property=\"article:modified_time\" content=\"2019-03-29T07:48:00+00:00\" \/>\n<meta property=\"og:image\" content=\"https:\/\/www.mywatch.dk\/wp-content\/uploads\/2012\/04\/1784_m.jpg\" \/>\n\t<meta property=\"og:image:width\" content=\"200\" \/>\n\t<meta property=\"og:image:height\" content=\"306\" \/>\n\t<meta property=\"og:image:type\" content=\"image\/jpeg\" \/>\n<meta name=\"twitter:card\" content=\"summary_large_image\" \/>\n<script type=\"application\/ld+json\" class=\"yoast-schema-graph\">{\"@context\":\"https:\/\/schema.org\",\"@graph\":[{\"@type\":\"WebPage\",\"@id\":\"https:\/\/www.mywatch.dk\/vare\/1543-daniel-jean-richard-chronoscope-2006\/\",\"url\":\"https:\/\/www.mywatch.dk\/vare\/1543-daniel-jean-richard-chronoscope-2006\/\",\"name\":\"Solgt - Daniel Jean Richard Chronoscope - 2006 - MyWatch.dk - Brugte kvalitets ure\",\"isPartOf\":{\"@id\":\"https:\/\/www.mywatch.dk\/en\/#website\"},\"datePublished\":\"2012-04-24T08:18:16+00:00\",\"dateModified\":\"2019-03-29T07:48:00+00:00\",\"breadcrumb\":{\"@id\":\"https:\/\/www.mywatch.dk\/vare\/1543-daniel-jean-richard-chronoscope-2006\/#breadcrumb\"},\"inLanguage\":\"en-GB\",\"potentialAction\":[{\"@type\":\"ReadAction\",\"target\":[\"https:\/\/www.mywatch.dk\/vare\/1543-daniel-jean-richard-chronoscope-2006\/\"]}]},{\"@type\":\"BreadcrumbList\",\"@id\":\"https:\/\/www.mywatch.dk\/vare\/1543-daniel-jean-richard-chronoscope-2006\/#breadcrumb\",\"itemListElement\":[{\"@type\":\"ListItem\",\"position\":1,\"name\":\"Hjem\",\"item\":\"https:\/\/www.mywatch.dk\/en\/\"},{\"@type\":\"ListItem\",\"position\":2,\"name\":\"Shop\",\"item\":\"https:\/\/www.mywatch.dk\/en\/shop\/\"},{\"@type\":\"ListItem\",\"position\":3,\"name\":\"Solgt &#8211; Daniel Jean Richard Chronoscope &#8211; 2006\"}]},{\"@type\":\"WebSite\",\"@id\":\"https:\/\/www.mywatch.dk\/en\/#website\",\"url\":\"https:\/\/www.mywatch.dk\/en\/\",\"name\":\"MyWatch.dk - Brugte kvalitets ure\",\"description\":\"kvalitetes ure\",\"publisher\":{\"@id\":\"https:\/\/www.mywatch.dk\/en\/#organization\"},\"potentialAction\":[{\"@type\":\"SearchAction\",\"target\":{\"@type\":\"EntryPoint\",\"urlTemplate\":\"https:\/\/www.mywatch.dk\/en\/?s={search_term_string}\"},\"query-input\":\"required name=search_term_string\"}],\"inLanguage\":\"en-GB\"},{\"@type\":\"Organization\",\"@id\":\"https:\/\/www.mywatch.dk\/en\/#organization\",\"name\":\"MyWatch\",\"url\":\"https:\/\/www.mywatch.dk\/en\/\",\"logo\":{\"@type\":\"ImageObject\",\"inLanguage\":\"en-GB\",\"@id\":\"https:\/\/www.mywatch.dk\/en\/#\/schema\/logo\/image\/\",\"url\":\"https:\/\/www.mywatch.dk\/wp-content\/uploads\/2018\/07\/logog-3.jpg\",\"contentUrl\":\"https:\/\/www.mywatch.dk\/wp-content\/uploads\/2018\/07\/logog-3.jpg\",\"width\":250,\"height\":150,\"caption\":\"MyWatch\"},\"image\":{\"@id\":\"https:\/\/www.mywatch.dk\/en\/#\/schema\/logo\/image\/\"},\"sameAs\":[\"https:\/\/www.facebook.com\/mywatch.dk\/\"]}]}<\/script>\n<!-- \/ Yoast SEO plugin. -->","yoast_head_json":{"title":"Solgt - Daniel Jean Richard Chronoscope - 2006 - MyWatch.dk - Brugte kvalitets ure","robots":{"index":"index","follow":"follow","max-snippet":"max-snippet:-1","max-image-preview":"max-image-preview:large","max-video-preview":"max-video-preview:-1"},"canonical":"https:\/\/www.mywatch.dk\/en\/product\/1543-daniel-jean-richard-chronoscope-2006\/","og_locale":"en_GB","og_type":"article","og_title":"Solgt - Daniel Jean Richard Chronoscope - 2006 - MyWatch.dk - Brugte kvalitets ure","og_description":"Daniel jeanRicard Chronoscope, ref. 25020, et elegant og klassisk ur, DJR er ejet af et af de store ur ikoner Girard Perregaux, uret fremst\u00e5r i absolut god og velholdt stand og med fuld garanti.","og_url":"https:\/\/www.mywatch.dk\/en\/product\/1543-daniel-jean-richard-chronoscope-2006\/","og_site_name":"MyWatch.dk - Brugte kvalitets ure","article_publisher":"https:\/\/www.facebook.com\/mywatch.dk\/","article_modified_time":"2019-03-29T07:48:00+00:00","og_image":[{"width":200,"height":306,"url":"https:\/\/www.mywatch.dk\/wp-content\/uploads\/2012\/04\/1784_m.jpg","type":"image\/jpeg"}],"twitter_card":"summary_large_image","schema":{"@context":"https:\/\/schema.org","@graph":[{"@type":"WebPage","@id":"https:\/\/www.mywatch.dk\/vare\/1543-daniel-jean-richard-chronoscope-2006\/","url":"https:\/\/www.mywatch.dk\/vare\/1543-daniel-jean-richard-chronoscope-2006\/","name":"Solgt - Daniel Jean Richard Chronoscope - 2006 - MyWatch.dk - Brugte kvalitets ure","isPartOf":{"@id":"https:\/\/www.mywatch.dk\/en\/#website"},"datePublished":"2012-04-24T08:18:16+00:00","dateModified":"2019-03-29T07:48:00+00:00","breadcrumb":{"@id":"https:\/\/www.mywatch.dk\/vare\/1543-daniel-jean-richard-chronoscope-2006\/#breadcrumb"},"inLanguage":"en-GB","potentialAction":[{"@type":"ReadAction","target":["https:\/\/www.mywatch.dk\/vare\/1543-daniel-jean-richard-chronoscope-2006\/"]}]},{"@type":"BreadcrumbList","@id":"https:\/\/www.mywatch.dk\/vare\/1543-daniel-jean-richard-chronoscope-2006\/#breadcrumb","itemListElement":[{"@type":"ListItem","position":1,"name":"Hjem","item":"https:\/\/www.mywatch.dk\/en\/"},{"@type":"ListItem","position":2,"name":"Shop","item":"https:\/\/www.mywatch.dk\/en\/shop\/"},{"@type":"ListItem","position":3,"name":"Solgt &#8211; Daniel Jean Richard Chronoscope &#8211; 2006"}]},{"@type":"WebSite","@id":"https:\/\/www.mywatch.dk\/en\/#website","url":"https:\/\/www.mywatch.dk\/en\/","name":"MyWatch.dk - Brugte kvalitets ure","description":"kvalitetes ure","publisher":{"@id":"https:\/\/www.mywatch.dk\/en\/#organization"},"potentialAction":[{"@type":"SearchAction","target":{"@type":"EntryPoint","urlTemplate":"https:\/\/www.mywatch.dk\/en\/?s={search_term_string}"},"query-input":"required name=search_term_string"}],"inLanguage":"en-GB"},{"@type":"Organization","@id":"https:\/\/www.mywatch.dk\/en\/#organization","name":"MyWatch","url":"https:\/\/www.mywatch.dk\/en\/","logo":{"@type":"ImageObject","inLanguage":"en-GB","@id":"https:\/\/www.mywatch.dk\/en\/#\/schema\/logo\/image\/","url":"https:\/\/www.mywatch.dk\/wp-content\/uploads\/2018\/07\/logog-3.jpg","contentUrl":"https:\/\/www.mywatch.dk\/wp-content\/uploads\/2018\/07\/logog-3.jpg","width":250,"height":150,"caption":"MyWatch"},"image":{"@id":"https:\/\/www.mywatch.dk\/en\/#\/schema\/logo\/image\/"},"sameAs":["https:\/\/www.facebook.com\/mywatch.dk\/"]}]}},"_links":{"self":[{"href":"https:\/\/www.mywatch.dk\/en\/wp-json\/wp\/v2\/product\/4996"}],"collection":[{"href":"https:\/\/www.mywatch.dk\/en\/wp-json\/wp\/v2\/product"}],"about":[{"href":"https:\/\/www.mywatch.dk\/en\/wp-json\/wp\/v2\/types\/product"}],"wp:featuredmedia":[{"embeddable":true,"href":"https:\/\/www.mywatch.dk\/en\/wp-json\/wp\/v2\/media\/4992"}],"wp:attachment":[{"href":"https:\/\/www.mywatch.dk\/en\/wp-json\/wp\/v2\/media?parent=4996"}],"wp:term":[{"taxonomy":"product_cat","embeddable":true,"href":"https:\/\/www.mywatch.dk\/en\/wp-json\/wp\/v2\/product_cat?post=4996"},{"taxonomy":"product_tag","embeddable":true,"href":"https:\/\/www.mywatch.dk\/en\/wp-json\/wp\/v2\/product_tag?post=4996"}],"curies":[{"name":"wp","href":"https:\/\/api.w.org\/{rel}","templated":true}]}}