{"id":5835,"date":"2013-11-15T22:25:13","date_gmt":"2013-11-15T22:25:13","guid":{"rendered":"http:\/\/www.mywatch.dk\/vare\/1710-tissot-seastar-seven-g-s-ultimo-1970\/"},"modified":"2019-03-29T07:46:59","modified_gmt":"2019-03-29T07:46:59","slug":"1710-tissot-seastar-seven-g-s-ultimo-1970","status":"publish","type":"product","link":"https:\/\/www.mywatch.dk\/en\/product\/1710-tissot-seastar-seven-g-s-ultimo-1970\/","title":{"rendered":"Solgt &#8211; Tissot Seastar Seven G\/S &#8211; ultimo 1970"},"content":{"rendered":"<p>Kasse i guldbelagt st\u00e5l, fast bagkasse, plexiglas, gylden urskive, guld visere og timemarkeringer. Monteret med ny sort l\u00e6derrem, afsluttet med sp\u00e6nde.  Uret m\u00e5ler 34 mm i diameter u\/krone og er 11 mm h\u00f8jt.  Leveres i Tissot boks.<\/p>","protected":false},"excerpt":{"rendered":"<p>Tissot Seastar Seven, guld p\u00e5 st\u00e5l, automatic. Charmerende vintageur fra ultimo 1970. Uret fremst\u00e5r i p\u00e6n stand med minimale brugsspor.<\/p>","protected":false},"featured_media":5831,"template":"","meta":{"_mi_skip_tracking":false},"product_cat":[322],"product_tag":[],"yoast_head":"<!-- This site is optimized with the Yoast SEO plugin v19.12 - https:\/\/yoast.com\/wordpress\/plugins\/seo\/ -->\n<title>Solgt - Tissot Seastar Seven G\/S - ultimo 1970 - MyWatch.dk - Brugte kvalitets ure<\/title>\n<meta name=\"robots\" content=\"index, follow, max-snippet:-1, max-image-preview:large, max-video-preview:-1\" \/>\n<link rel=\"canonical\" href=\"https:\/\/www.mywatch.dk\/en\/product\/1710-tissot-seastar-seven-g-s-ultimo-1970\/\" \/>\n<meta property=\"og:locale\" content=\"en_GB\" \/>\n<meta property=\"og:type\" content=\"article\" \/>\n<meta property=\"og:title\" content=\"Solgt - Tissot Seastar Seven G\/S - ultimo 1970 - MyWatch.dk - Brugte kvalitets ure\" \/>\n<meta property=\"og:description\" content=\"Tissot Seastar Seven, guld p\u00e5 st\u00e5l, automatic. Charmerende vintageur fra ultimo 1970. Uret fremst\u00e5r i p\u00e6n stand med minimale brugsspor.\" \/>\n<meta property=\"og:url\" content=\"https:\/\/www.mywatch.dk\/en\/product\/1710-tissot-seastar-seven-g-s-ultimo-1970\/\" \/>\n<meta property=\"og:site_name\" content=\"MyWatch.dk - Brugte kvalitets ure\" \/>\n<meta property=\"article:publisher\" content=\"https:\/\/www.facebook.com\/mywatch.dk\/\" \/>\n<meta property=\"article:modified_time\" content=\"2019-03-29T07:46:59+00:00\" \/>\n<meta property=\"og:image\" content=\"https:\/\/www.mywatch.dk\/wp-content\/uploads\/2013\/11\/1710_tissot_seastar_guld_p_st_l_ultimo_1970_5_.jpg\" \/>\n\t<meta property=\"og:image:width\" content=\"599\" \/>\n\t<meta property=\"og:image:height\" content=\"969\" \/>\n\t<meta property=\"og:image:type\" content=\"image\/jpeg\" \/>\n<meta name=\"twitter:card\" content=\"summary_large_image\" \/>\n<script type=\"application\/ld+json\" class=\"yoast-schema-graph\">{\"@context\":\"https:\/\/schema.org\",\"@graph\":[{\"@type\":\"WebPage\",\"@id\":\"https:\/\/www.mywatch.dk\/vare\/1710-tissot-seastar-seven-g-s-ultimo-1970\/\",\"url\":\"https:\/\/www.mywatch.dk\/vare\/1710-tissot-seastar-seven-g-s-ultimo-1970\/\",\"name\":\"Solgt - Tissot Seastar Seven G\/S - ultimo 1970 - MyWatch.dk - Brugte kvalitets ure\",\"isPartOf\":{\"@id\":\"https:\/\/www.mywatch.dk\/en\/#website\"},\"datePublished\":\"2013-11-15T22:25:13+00:00\",\"dateModified\":\"2019-03-29T07:46:59+00:00\",\"breadcrumb\":{\"@id\":\"https:\/\/www.mywatch.dk\/vare\/1710-tissot-seastar-seven-g-s-ultimo-1970\/#breadcrumb\"},\"inLanguage\":\"en-GB\",\"potentialAction\":[{\"@type\":\"ReadAction\",\"target\":[\"https:\/\/www.mywatch.dk\/vare\/1710-tissot-seastar-seven-g-s-ultimo-1970\/\"]}]},{\"@type\":\"BreadcrumbList\",\"@id\":\"https:\/\/www.mywatch.dk\/vare\/1710-tissot-seastar-seven-g-s-ultimo-1970\/#breadcrumb\",\"itemListElement\":[{\"@type\":\"ListItem\",\"position\":1,\"name\":\"Hjem\",\"item\":\"https:\/\/www.mywatch.dk\/en\/\"},{\"@type\":\"ListItem\",\"position\":2,\"name\":\"Shop\",\"item\":\"https:\/\/www.mywatch.dk\/en\/shop\/\"},{\"@type\":\"ListItem\",\"position\":3,\"name\":\"Solgt &#8211; Tissot Seastar Seven G\/S &#8211; ultimo 1970\"}]},{\"@type\":\"WebSite\",\"@id\":\"https:\/\/www.mywatch.dk\/en\/#website\",\"url\":\"https:\/\/www.mywatch.dk\/en\/\",\"name\":\"MyWatch.dk - Brugte kvalitets ure\",\"description\":\"kvalitetes ure\",\"publisher\":{\"@id\":\"https:\/\/www.mywatch.dk\/en\/#organization\"},\"potentialAction\":[{\"@type\":\"SearchAction\",\"target\":{\"@type\":\"EntryPoint\",\"urlTemplate\":\"https:\/\/www.mywatch.dk\/en\/?s={search_term_string}\"},\"query-input\":\"required name=search_term_string\"}],\"inLanguage\":\"en-GB\"},{\"@type\":\"Organization\",\"@id\":\"https:\/\/www.mywatch.dk\/en\/#organization\",\"name\":\"MyWatch\",\"url\":\"https:\/\/www.mywatch.dk\/en\/\",\"logo\":{\"@type\":\"ImageObject\",\"inLanguage\":\"en-GB\",\"@id\":\"https:\/\/www.mywatch.dk\/en\/#\/schema\/logo\/image\/\",\"url\":\"https:\/\/www.mywatch.dk\/wp-content\/uploads\/2018\/07\/logog-3.jpg\",\"contentUrl\":\"https:\/\/www.mywatch.dk\/wp-content\/uploads\/2018\/07\/logog-3.jpg\",\"width\":250,\"height\":150,\"caption\":\"MyWatch\"},\"image\":{\"@id\":\"https:\/\/www.mywatch.dk\/en\/#\/schema\/logo\/image\/\"},\"sameAs\":[\"https:\/\/www.facebook.com\/mywatch.dk\/\"]}]}<\/script>\n<!-- \/ Yoast SEO plugin. -->","yoast_head_json":{"title":"Solgt - Tissot Seastar Seven G\/S - ultimo 1970 - MyWatch.dk - Brugte kvalitets ure","robots":{"index":"index","follow":"follow","max-snippet":"max-snippet:-1","max-image-preview":"max-image-preview:large","max-video-preview":"max-video-preview:-1"},"canonical":"https:\/\/www.mywatch.dk\/en\/product\/1710-tissot-seastar-seven-g-s-ultimo-1970\/","og_locale":"en_GB","og_type":"article","og_title":"Solgt - Tissot Seastar Seven G\/S - ultimo 1970 - MyWatch.dk - Brugte kvalitets ure","og_description":"Tissot Seastar Seven, guld p\u00e5 st\u00e5l, automatic. Charmerende vintageur fra ultimo 1970. Uret fremst\u00e5r i p\u00e6n stand med minimale brugsspor.","og_url":"https:\/\/www.mywatch.dk\/en\/product\/1710-tissot-seastar-seven-g-s-ultimo-1970\/","og_site_name":"MyWatch.dk - Brugte kvalitets ure","article_publisher":"https:\/\/www.facebook.com\/mywatch.dk\/","article_modified_time":"2019-03-29T07:46:59+00:00","og_image":[{"width":599,"height":969,"url":"https:\/\/www.mywatch.dk\/wp-content\/uploads\/2013\/11\/1710_tissot_seastar_guld_p_st_l_ultimo_1970_5_.jpg","type":"image\/jpeg"}],"twitter_card":"summary_large_image","schema":{"@context":"https:\/\/schema.org","@graph":[{"@type":"WebPage","@id":"https:\/\/www.mywatch.dk\/vare\/1710-tissot-seastar-seven-g-s-ultimo-1970\/","url":"https:\/\/www.mywatch.dk\/vare\/1710-tissot-seastar-seven-g-s-ultimo-1970\/","name":"Solgt - Tissot Seastar Seven G\/S - ultimo 1970 - MyWatch.dk - Brugte kvalitets ure","isPartOf":{"@id":"https:\/\/www.mywatch.dk\/en\/#website"},"datePublished":"2013-11-15T22:25:13+00:00","dateModified":"2019-03-29T07:46:59+00:00","breadcrumb":{"@id":"https:\/\/www.mywatch.dk\/vare\/1710-tissot-seastar-seven-g-s-ultimo-1970\/#breadcrumb"},"inLanguage":"en-GB","potentialAction":[{"@type":"ReadAction","target":["https:\/\/www.mywatch.dk\/vare\/1710-tissot-seastar-seven-g-s-ultimo-1970\/"]}]},{"@type":"BreadcrumbList","@id":"https:\/\/www.mywatch.dk\/vare\/1710-tissot-seastar-seven-g-s-ultimo-1970\/#breadcrumb","itemListElement":[{"@type":"ListItem","position":1,"name":"Hjem","item":"https:\/\/www.mywatch.dk\/en\/"},{"@type":"ListItem","position":2,"name":"Shop","item":"https:\/\/www.mywatch.dk\/en\/shop\/"},{"@type":"ListItem","position":3,"name":"Solgt &#8211; Tissot Seastar Seven G\/S &#8211; ultimo 1970"}]},{"@type":"WebSite","@id":"https:\/\/www.mywatch.dk\/en\/#website","url":"https:\/\/www.mywatch.dk\/en\/","name":"MyWatch.dk - Brugte kvalitets ure","description":"kvalitetes ure","publisher":{"@id":"https:\/\/www.mywatch.dk\/en\/#organization"},"potentialAction":[{"@type":"SearchAction","target":{"@type":"EntryPoint","urlTemplate":"https:\/\/www.mywatch.dk\/en\/?s={search_term_string}"},"query-input":"required name=search_term_string"}],"inLanguage":"en-GB"},{"@type":"Organization","@id":"https:\/\/www.mywatch.dk\/en\/#organization","name":"MyWatch","url":"https:\/\/www.mywatch.dk\/en\/","logo":{"@type":"ImageObject","inLanguage":"en-GB","@id":"https:\/\/www.mywatch.dk\/en\/#\/schema\/logo\/image\/","url":"https:\/\/www.mywatch.dk\/wp-content\/uploads\/2018\/07\/logog-3.jpg","contentUrl":"https:\/\/www.mywatch.dk\/wp-content\/uploads\/2018\/07\/logog-3.jpg","width":250,"height":150,"caption":"MyWatch"},"image":{"@id":"https:\/\/www.mywatch.dk\/en\/#\/schema\/logo\/image\/"},"sameAs":["https:\/\/www.facebook.com\/mywatch.dk\/"]}]}},"_links":{"self":[{"href":"https:\/\/www.mywatch.dk\/en\/wp-json\/wp\/v2\/product\/5835"}],"collection":[{"href":"https:\/\/www.mywatch.dk\/en\/wp-json\/wp\/v2\/product"}],"about":[{"href":"https:\/\/www.mywatch.dk\/en\/wp-json\/wp\/v2\/types\/product"}],"wp:featuredmedia":[{"embeddable":true,"href":"https:\/\/www.mywatch.dk\/en\/wp-json\/wp\/v2\/media\/5831"}],"wp:attachment":[{"href":"https:\/\/www.mywatch.dk\/en\/wp-json\/wp\/v2\/media?parent=5835"}],"wp:term":[{"taxonomy":"product_cat","embeddable":true,"href":"https:\/\/www.mywatch.dk\/en\/wp-json\/wp\/v2\/product_cat?post=5835"},{"taxonomy":"product_tag","embeddable":true,"href":"https:\/\/www.mywatch.dk\/en\/wp-json\/wp\/v2\/product_tag?post=5835"}],"curies":[{"name":"wp","href":"https:\/\/api.w.org\/{rel}","templated":true}]}}