{"id":6366,"date":"2015-05-25T22:41:21","date_gmt":"2015-05-25T22:41:21","guid":{"rendered":"http:\/\/www.mywatch.dk\/vare\/1825-omega-speedmaster-day-date-1997\/"},"modified":"2019-03-29T07:46:07","modified_gmt":"2019-03-29T07:46:07","slug":"1825-omega-speedmaster-day-date-1997","status":"publish","type":"product","link":"https:\/\/www.mywatch.dk\/en\/product\/1825-omega-speedmaster-day-date-1997\/","title":{"rendered":"Solgt &#8211; 1825 &#8211; Omega Speedmaster Chrono Day Date &#8211; 1997"},"content":{"rendered":"<p>Kassen er opbygget helt i st\u00e5l, tachymetre krans, krone og chronoknapper i st\u00e5l, fast bagkasse, antirefleksbehandlet safirglas, gr\u00e5 urskive, hvide \/ luminor visere og timemarkeringer, 24 timers visning, samt visning af ugedag og dato. Monteret med sort krokodille rem med hvide stik, afsluttet med Omega sp\u00e6nde.  M\u00e5ler 39 mm i diameter; 13,5 mm h\u00f8jt. Vandt\u00e6t indtil 50 meter.  Leveres i l\u00e6kker l\u00e6der boks.<\/p>","protected":false},"excerpt":{"rendered":"<p>Omega speedmaster chronograph day date, ref 3520.53.00, ca 1997, automatisk v\u00e6rk. En klassisk og eftertragtet model, der fremst\u00e5r i p\u00e6n stand.  F\u00f8rpris 14.995,-<\/p>","protected":false},"featured_media":6362,"template":"","meta":{"_mi_skip_tracking":false},"product_cat":[322],"product_tag":[],"yoast_head":"<!-- This site is optimized with the Yoast SEO plugin v19.12 - https:\/\/yoast.com\/wordpress\/plugins\/seo\/ -->\n<title>Solgt - 1825 - Omega Speedmaster Chrono Day Date - 1997 - MyWatch.dk - Brugte kvalitets ure<\/title>\n<meta name=\"robots\" content=\"index, follow, max-snippet:-1, max-image-preview:large, max-video-preview:-1\" \/>\n<link rel=\"canonical\" href=\"https:\/\/www.mywatch.dk\/en\/product\/1825-omega-speedmaster-day-date-1997\/\" \/>\n<meta property=\"og:locale\" content=\"en_GB\" \/>\n<meta property=\"og:type\" content=\"article\" \/>\n<meta property=\"og:title\" content=\"Solgt - 1825 - Omega Speedmaster Chrono Day Date - 1997 - MyWatch.dk - Brugte kvalitets ure\" \/>\n<meta property=\"og:description\" content=\"Omega speedmaster chronograph day date, ref 3520.53.00, ca 1997, automatisk v\u00e6rk. En klassisk og eftertragtet model, der fremst\u00e5r i p\u00e6n stand. F\u00f8rpris 14.995,-\" \/>\n<meta property=\"og:url\" content=\"https:\/\/www.mywatch.dk\/en\/product\/1825-omega-speedmaster-day-date-1997\/\" \/>\n<meta property=\"og:site_name\" content=\"MyWatch.dk - Brugte kvalitets ure\" \/>\n<meta property=\"article:publisher\" content=\"https:\/\/www.facebook.com\/mywatch.dk\/\" \/>\n<meta property=\"article:modified_time\" content=\"2019-03-29T07:46:07+00:00\" \/>\n<meta property=\"og:image\" content=\"https:\/\/www.mywatch.dk\/wp-content\/uploads\/2015\/05\/1825_omega_speed_1997_5_.jpg\" \/>\n\t<meta property=\"og:image:width\" content=\"867\" \/>\n\t<meta property=\"og:image:height\" content=\"1141\" \/>\n\t<meta property=\"og:image:type\" content=\"image\/jpeg\" \/>\n<meta name=\"twitter:card\" content=\"summary_large_image\" \/>\n<script type=\"application\/ld+json\" class=\"yoast-schema-graph\">{\"@context\":\"https:\/\/schema.org\",\"@graph\":[{\"@type\":\"WebPage\",\"@id\":\"https:\/\/www.mywatch.dk\/en\/product\/1825-omega-speedmaster-day-date-1997\/\",\"url\":\"https:\/\/www.mywatch.dk\/en\/product\/1825-omega-speedmaster-day-date-1997\/\",\"name\":\"Solgt - 1825 - Omega Speedmaster Chrono Day Date - 1997 - MyWatch.dk - Brugte kvalitets ure\",\"isPartOf\":{\"@id\":\"https:\/\/www.mywatch.dk\/en\/#website\"},\"datePublished\":\"2015-05-25T22:41:21+00:00\",\"dateModified\":\"2019-03-29T07:46:07+00:00\",\"breadcrumb\":{\"@id\":\"https:\/\/www.mywatch.dk\/en\/product\/1825-omega-speedmaster-day-date-1997\/#breadcrumb\"},\"inLanguage\":\"en-GB\",\"potentialAction\":[{\"@type\":\"ReadAction\",\"target\":[\"https:\/\/www.mywatch.dk\/en\/product\/1825-omega-speedmaster-day-date-1997\/\"]}]},{\"@type\":\"BreadcrumbList\",\"@id\":\"https:\/\/www.mywatch.dk\/en\/product\/1825-omega-speedmaster-day-date-1997\/#breadcrumb\",\"itemListElement\":[{\"@type\":\"ListItem\",\"position\":1,\"name\":\"Hjem\",\"item\":\"https:\/\/www.mywatch.dk\/en\/\"},{\"@type\":\"ListItem\",\"position\":2,\"name\":\"Shop\",\"item\":\"https:\/\/www.mywatch.dk\/en\/shop\/\"},{\"@type\":\"ListItem\",\"position\":3,\"name\":\"Solgt &#8211; 1825 &#8211; Omega Speedmaster Chrono Day Date &#8211; 1997\"}]},{\"@type\":\"WebSite\",\"@id\":\"https:\/\/www.mywatch.dk\/en\/#website\",\"url\":\"https:\/\/www.mywatch.dk\/en\/\",\"name\":\"MyWatch.dk - Brugte kvalitets ure\",\"description\":\"kvalitetes ure\",\"publisher\":{\"@id\":\"https:\/\/www.mywatch.dk\/en\/#organization\"},\"potentialAction\":[{\"@type\":\"SearchAction\",\"target\":{\"@type\":\"EntryPoint\",\"urlTemplate\":\"https:\/\/www.mywatch.dk\/en\/?s={search_term_string}\"},\"query-input\":\"required name=search_term_string\"}],\"inLanguage\":\"en-GB\"},{\"@type\":\"Organization\",\"@id\":\"https:\/\/www.mywatch.dk\/en\/#organization\",\"name\":\"MyWatch\",\"url\":\"https:\/\/www.mywatch.dk\/en\/\",\"logo\":{\"@type\":\"ImageObject\",\"inLanguage\":\"en-GB\",\"@id\":\"https:\/\/www.mywatch.dk\/en\/#\/schema\/logo\/image\/\",\"url\":\"https:\/\/www.mywatch.dk\/wp-content\/uploads\/2018\/07\/logog-3.jpg\",\"contentUrl\":\"https:\/\/www.mywatch.dk\/wp-content\/uploads\/2018\/07\/logog-3.jpg\",\"width\":250,\"height\":150,\"caption\":\"MyWatch\"},\"image\":{\"@id\":\"https:\/\/www.mywatch.dk\/en\/#\/schema\/logo\/image\/\"},\"sameAs\":[\"https:\/\/www.facebook.com\/mywatch.dk\/\"]}]}<\/script>\n<!-- \/ Yoast SEO plugin. -->","yoast_head_json":{"title":"Solgt - 1825 - Omega Speedmaster Chrono Day Date - 1997 - MyWatch.dk - Brugte kvalitets ure","robots":{"index":"index","follow":"follow","max-snippet":"max-snippet:-1","max-image-preview":"max-image-preview:large","max-video-preview":"max-video-preview:-1"},"canonical":"https:\/\/www.mywatch.dk\/en\/product\/1825-omega-speedmaster-day-date-1997\/","og_locale":"en_GB","og_type":"article","og_title":"Solgt - 1825 - Omega Speedmaster Chrono Day Date - 1997 - MyWatch.dk - Brugte kvalitets ure","og_description":"Omega speedmaster chronograph day date, ref 3520.53.00, ca 1997, automatisk v\u00e6rk. En klassisk og eftertragtet model, der fremst\u00e5r i p\u00e6n stand. F\u00f8rpris 14.995,-","og_url":"https:\/\/www.mywatch.dk\/en\/product\/1825-omega-speedmaster-day-date-1997\/","og_site_name":"MyWatch.dk - Brugte kvalitets ure","article_publisher":"https:\/\/www.facebook.com\/mywatch.dk\/","article_modified_time":"2019-03-29T07:46:07+00:00","og_image":[{"width":867,"height":1141,"url":"https:\/\/www.mywatch.dk\/wp-content\/uploads\/2015\/05\/1825_omega_speed_1997_5_.jpg","type":"image\/jpeg"}],"twitter_card":"summary_large_image","schema":{"@context":"https:\/\/schema.org","@graph":[{"@type":"WebPage","@id":"https:\/\/www.mywatch.dk\/en\/product\/1825-omega-speedmaster-day-date-1997\/","url":"https:\/\/www.mywatch.dk\/en\/product\/1825-omega-speedmaster-day-date-1997\/","name":"Solgt - 1825 - Omega Speedmaster Chrono Day Date - 1997 - MyWatch.dk - Brugte kvalitets ure","isPartOf":{"@id":"https:\/\/www.mywatch.dk\/en\/#website"},"datePublished":"2015-05-25T22:41:21+00:00","dateModified":"2019-03-29T07:46:07+00:00","breadcrumb":{"@id":"https:\/\/www.mywatch.dk\/en\/product\/1825-omega-speedmaster-day-date-1997\/#breadcrumb"},"inLanguage":"en-GB","potentialAction":[{"@type":"ReadAction","target":["https:\/\/www.mywatch.dk\/en\/product\/1825-omega-speedmaster-day-date-1997\/"]}]},{"@type":"BreadcrumbList","@id":"https:\/\/www.mywatch.dk\/en\/product\/1825-omega-speedmaster-day-date-1997\/#breadcrumb","itemListElement":[{"@type":"ListItem","position":1,"name":"Hjem","item":"https:\/\/www.mywatch.dk\/en\/"},{"@type":"ListItem","position":2,"name":"Shop","item":"https:\/\/www.mywatch.dk\/en\/shop\/"},{"@type":"ListItem","position":3,"name":"Solgt &#8211; 1825 &#8211; Omega Speedmaster Chrono Day Date &#8211; 1997"}]},{"@type":"WebSite","@id":"https:\/\/www.mywatch.dk\/en\/#website","url":"https:\/\/www.mywatch.dk\/en\/","name":"MyWatch.dk - Brugte kvalitets ure","description":"kvalitetes ure","publisher":{"@id":"https:\/\/www.mywatch.dk\/en\/#organization"},"potentialAction":[{"@type":"SearchAction","target":{"@type":"EntryPoint","urlTemplate":"https:\/\/www.mywatch.dk\/en\/?s={search_term_string}"},"query-input":"required name=search_term_string"}],"inLanguage":"en-GB"},{"@type":"Organization","@id":"https:\/\/www.mywatch.dk\/en\/#organization","name":"MyWatch","url":"https:\/\/www.mywatch.dk\/en\/","logo":{"@type":"ImageObject","inLanguage":"en-GB","@id":"https:\/\/www.mywatch.dk\/en\/#\/schema\/logo\/image\/","url":"https:\/\/www.mywatch.dk\/wp-content\/uploads\/2018\/07\/logog-3.jpg","contentUrl":"https:\/\/www.mywatch.dk\/wp-content\/uploads\/2018\/07\/logog-3.jpg","width":250,"height":150,"caption":"MyWatch"},"image":{"@id":"https:\/\/www.mywatch.dk\/en\/#\/schema\/logo\/image\/"},"sameAs":["https:\/\/www.facebook.com\/mywatch.dk\/"]}]}},"_links":{"self":[{"href":"https:\/\/www.mywatch.dk\/en\/wp-json\/wp\/v2\/product\/6366"}],"collection":[{"href":"https:\/\/www.mywatch.dk\/en\/wp-json\/wp\/v2\/product"}],"about":[{"href":"https:\/\/www.mywatch.dk\/en\/wp-json\/wp\/v2\/types\/product"}],"wp:featuredmedia":[{"embeddable":true,"href":"https:\/\/www.mywatch.dk\/en\/wp-json\/wp\/v2\/media\/6362"}],"wp:attachment":[{"href":"https:\/\/www.mywatch.dk\/en\/wp-json\/wp\/v2\/media?parent=6366"}],"wp:term":[{"taxonomy":"product_cat","embeddable":true,"href":"https:\/\/www.mywatch.dk\/en\/wp-json\/wp\/v2\/product_cat?post=6366"},{"taxonomy":"product_tag","embeddable":true,"href":"https:\/\/www.mywatch.dk\/en\/wp-json\/wp\/v2\/product_tag?post=6366"}],"curies":[{"name":"wp","href":"https:\/\/api.w.org\/{rel}","templated":true}]}}